{"id":331,"date":"2023-10-23T11:00:20","date_gmt":"2023-10-23T09:00:20","guid":{"rendered":"http:\/\/zugpggw.cluster027.hosting.ovh.net\/?page_id=331"},"modified":"2024-12-06T11:49:02","modified_gmt":"2024-12-06T10:49:02","slug":"reference","status":"publish","type":"page","link":"https:\/\/www.sigma2r.fr\/index.php\/reference\/","title":{"rendered":"R\u00e9f\u00e9rence"},"content":{"rendered":"\t\t<div data-elementor-type=\"wp-page\" data-elementor-id=\"331\" class=\"elementor elementor-331\">\n\t\t\t\t\t\t\t\t\t<section class=\"elementor-section elementor-top-section elementor-element elementor-element-8ef5cc2 elementor-section-height-min-height elementor-section-stretched elementor-section-boxed elementor-section-height-default elementor-section-items-middle\" data-id=\"8ef5cc2\" data-element_type=\"section\" data-settings=\"{&quot;stretch_section&quot;:&quot;section-stretched&quot;,&quot;background_background&quot;:&quot;classic&quot;}\">\n\t\t\t\t\t\t\t<div class=\"elementor-background-overlay\"><\/div>\n\t\t\t\t\t\t\t<div class=\"elementor-container elementor-column-gap-default\">\n\t\t\t\t\t<div class=\"elementor-column elementor-col-100 elementor-top-column elementor-element elementor-element-3bc08b7\" data-id=\"3bc08b7\" data-element_type=\"column\">\n\t\t\t<div class=\"elementor-widget-wrap elementor-element-populated\">\n\t\t\t\t\t\t\t\t<div class=\"elementor-element elementor-element-8452126 elementor-widget elementor-widget-heading\" data-id=\"8452126\" data-element_type=\"widget\" id=\"ref-title\" data-widget_type=\"heading.default\">\n\t\t\t\t<div class=\"elementor-widget-container\">\n\t\t\t<style>\/*! elementor - v3.14.0 - 26-06-2023 *\/\n.elementor-heading-title{padding:0;margin:0;line-height:1}.elementor-widget-heading .elementor-heading-title[class*=elementor-size-]>a{color:inherit;font-size:inherit;line-height:inherit}.elementor-widget-heading .elementor-heading-title.elementor-size-small{font-size:15px}.elementor-widget-heading .elementor-heading-title.elementor-size-medium{font-size:19px}.elementor-widget-heading .elementor-heading-title.elementor-size-large{font-size:29px}.elementor-widget-heading .elementor-heading-title.elementor-size-xl{font-size:39px}.elementor-widget-heading .elementor-heading-title.elementor-size-xxl{font-size:59px}<\/style><h2 class=\"elementor-heading-title elementor-size-default\">SIGMA2R \u2013 R\u00e9f\u00e9rence<\/h2>\t\t<\/div>\n\t\t\t\t<\/div>\n\t\t\t\t\t<\/div>\n\t\t<\/div>\n\t\t\t\t\t\t\t<\/div>\n\t\t<\/section>\n\t\t\t\t<section class=\"elementor-section elementor-top-section elementor-element elementor-element-a5cb21f elementor-section-boxed elementor-section-height-default elementor-section-height-default\" data-id=\"a5cb21f\" data-element_type=\"section\">\n\t\t\t\t\t\t<div class=\"elementor-container elementor-column-gap-default\">\n\t\t\t\t\t<div class=\"elementor-column elementor-col-100 elementor-top-column elementor-element elementor-element-1e8aae2\" data-id=\"1e8aae2\" data-element_type=\"column\">\n\t\t\t<div class=\"elementor-widget-wrap elementor-element-populated\">\n\t\t\t\t\t\t\t\t<div class=\"elementor-element elementor-element-27f3b14 elementor-widget elementor-widget-shortcode\" data-id=\"27f3b14\" data-element_type=\"widget\" data-widget_type=\"shortcode.default\">\n\t\t\t\t<div class=\"elementor-widget-container\">\n\t\t\t<p>Aucune r\u00e9f\u00e9rence trouv\u00e9e, retourner sur Nos R\u00e9f\u00e9rences<\/p>\t\t<div class=\"elementor-shortcode\"><\/div>\n\t\t\t\t<\/div>\n\t\t\t\t<\/div>\n\t\t\t\t\t<\/div>\n\t\t<\/div>\n\t\t\t\t\t\t\t<\/div>\n\t\t<\/section>\n\t\t\t\t\t\t\t<\/div>\n\t\t","protected":false},"excerpt":{"rendered":"<p>SIGMA2R \u2013 R\u00e9f\u00e9rence<\/p>\n","protected":false},"author":2,"featured_media":0,"parent":0,"menu_order":0,"comment_status":"closed","ping_status":"closed","template":"","meta":{"footnotes":""},"class_list":["post-331","page","type-page","status-publish","hentry","entry"],"acf":[],"yoast_head":"<!-- This site is optimized with the Yoast SEO plugin v20.10 - https:\/\/yoast.com\/wordpress\/plugins\/seo\/ -->\n<title>R\u00e9f\u00e9rence - Sigma2R<\/title>\n<meta name=\"robots\" content=\"index, follow, max-snippet:-1, max-image-preview:large, max-video-preview:-1\" \/>\n<link rel=\"canonical\" href=\"https:\/\/www.sigma2r.fr\/index.php\/reference\/\" \/>\n<meta property=\"og:locale\" content=\"fr_FR\" \/>\n<meta property=\"og:type\" content=\"article\" \/>\n<meta property=\"og:title\" content=\"R\u00e9f\u00e9rence - Sigma2R\" \/>\n<meta property=\"og:description\" content=\"SIGMA2R \u2013 R\u00e9f\u00e9rence\" \/>\n<meta property=\"og:url\" content=\"https:\/\/www.sigma2r.fr\/index.php\/reference\/\" \/>\n<meta property=\"og:site_name\" content=\"Sigma2R\" \/>\n<meta property=\"article:modified_time\" content=\"2024-12-06T10:49:02+00:00\" \/>\n<meta name=\"twitter:card\" content=\"summary_large_image\" \/>\n<meta name=\"twitter:label1\" content=\"Dur\u00e9e de lecture estim\u00e9e\" \/>\n\t<meta name=\"twitter:data1\" content=\"1 minute\" \/>\n<script type=\"application\/ld+json\" class=\"yoast-schema-graph\">{\"@context\":\"https:\/\/schema.org\",\"@graph\":[{\"@type\":\"WebPage\",\"@id\":\"https:\/\/www.sigma2r.fr\/index.php\/reference\/\",\"url\":\"https:\/\/www.sigma2r.fr\/index.php\/reference\/\",\"name\":\"R\u00e9f\u00e9rence - Sigma2R\",\"isPartOf\":{\"@id\":\"https:\/\/www.sigma2r.fr\/#website\"},\"datePublished\":\"2023-10-23T09:00:20+00:00\",\"dateModified\":\"2024-12-06T10:49:02+00:00\",\"breadcrumb\":{\"@id\":\"https:\/\/www.sigma2r.fr\/index.php\/reference\/#breadcrumb\"},\"inLanguage\":\"fr-FR\",\"potentialAction\":[{\"@type\":\"ReadAction\",\"target\":[\"https:\/\/www.sigma2r.fr\/index.php\/reference\/\"]}]},{\"@type\":\"BreadcrumbList\",\"@id\":\"https:\/\/www.sigma2r.fr\/index.php\/reference\/#breadcrumb\",\"itemListElement\":[{\"@type\":\"ListItem\",\"position\":1,\"name\":\"Accueil\",\"item\":\"https:\/\/www.sigma2r.fr\/\"},{\"@type\":\"ListItem\",\"position\":2,\"name\":\"R\u00e9f\u00e9rence\"}]},{\"@type\":\"WebSite\",\"@id\":\"https:\/\/www.sigma2r.fr\/#website\",\"url\":\"https:\/\/www.sigma2r.fr\/\",\"name\":\"Sigma2R\",\"description\":\"INGENIERIE DU PATRIMOINE BATI\",\"publisher\":{\"@id\":\"https:\/\/www.sigma2r.fr\/#organization\"},\"potentialAction\":[{\"@type\":\"SearchAction\",\"target\":{\"@type\":\"EntryPoint\",\"urlTemplate\":\"https:\/\/www.sigma2r.fr\/?s={search_term_string}\"},\"query-input\":\"required name=search_term_string\"}],\"inLanguage\":\"fr-FR\"},{\"@type\":\"Organization\",\"@id\":\"https:\/\/www.sigma2r.fr\/#organization\",\"name\":\"Sigma2R\",\"url\":\"https:\/\/www.sigma2r.fr\/\",\"logo\":{\"@type\":\"ImageObject\",\"inLanguage\":\"fr-FR\",\"@id\":\"https:\/\/www.sigma2r.fr\/#\/schema\/logo\/image\/\",\"url\":\"https:\/\/www.sigma2r.fr\/wp-content\/uploads\/2023\/10\/cropped-logo-SIGMA2R-fond-transparent-1.png\",\"contentUrl\":\"https:\/\/www.sigma2r.fr\/wp-content\/uploads\/2023\/10\/cropped-logo-SIGMA2R-fond-transparent-1.png\",\"width\":10382,\"height\":2628,\"caption\":\"Sigma2R\"},\"image\":{\"@id\":\"https:\/\/www.sigma2r.fr\/#\/schema\/logo\/image\/\"}}]}<\/script>\n<!-- \/ Yoast SEO plugin. -->","yoast_head_json":{"title":"R\u00e9f\u00e9rence - Sigma2R","robots":{"index":"index","follow":"follow","max-snippet":"max-snippet:-1","max-image-preview":"max-image-preview:large","max-video-preview":"max-video-preview:-1"},"canonical":"https:\/\/www.sigma2r.fr\/index.php\/reference\/","og_locale":"fr_FR","og_type":"article","og_title":"R\u00e9f\u00e9rence - Sigma2R","og_description":"SIGMA2R \u2013 R\u00e9f\u00e9rence","og_url":"https:\/\/www.sigma2r.fr\/index.php\/reference\/","og_site_name":"Sigma2R","article_modified_time":"2024-12-06T10:49:02+00:00","twitter_card":"summary_large_image","twitter_misc":{"Dur\u00e9e de lecture estim\u00e9e":"1 minute"},"schema":{"@context":"https:\/\/schema.org","@graph":[{"@type":"WebPage","@id":"https:\/\/www.sigma2r.fr\/index.php\/reference\/","url":"https:\/\/www.sigma2r.fr\/index.php\/reference\/","name":"R\u00e9f\u00e9rence - Sigma2R","isPartOf":{"@id":"https:\/\/www.sigma2r.fr\/#website"},"datePublished":"2023-10-23T09:00:20+00:00","dateModified":"2024-12-06T10:49:02+00:00","breadcrumb":{"@id":"https:\/\/www.sigma2r.fr\/index.php\/reference\/#breadcrumb"},"inLanguage":"fr-FR","potentialAction":[{"@type":"ReadAction","target":["https:\/\/www.sigma2r.fr\/index.php\/reference\/"]}]},{"@type":"BreadcrumbList","@id":"https:\/\/www.sigma2r.fr\/index.php\/reference\/#breadcrumb","itemListElement":[{"@type":"ListItem","position":1,"name":"Accueil","item":"https:\/\/www.sigma2r.fr\/"},{"@type":"ListItem","position":2,"name":"R\u00e9f\u00e9rence"}]},{"@type":"WebSite","@id":"https:\/\/www.sigma2r.fr\/#website","url":"https:\/\/www.sigma2r.fr\/","name":"Sigma2R","description":"INGENIERIE DU PATRIMOINE BATI","publisher":{"@id":"https:\/\/www.sigma2r.fr\/#organization"},"potentialAction":[{"@type":"SearchAction","target":{"@type":"EntryPoint","urlTemplate":"https:\/\/www.sigma2r.fr\/?s={search_term_string}"},"query-input":"required name=search_term_string"}],"inLanguage":"fr-FR"},{"@type":"Organization","@id":"https:\/\/www.sigma2r.fr\/#organization","name":"Sigma2R","url":"https:\/\/www.sigma2r.fr\/","logo":{"@type":"ImageObject","inLanguage":"fr-FR","@id":"https:\/\/www.sigma2r.fr\/#\/schema\/logo\/image\/","url":"https:\/\/www.sigma2r.fr\/wp-content\/uploads\/2023\/10\/cropped-logo-SIGMA2R-fond-transparent-1.png","contentUrl":"https:\/\/www.sigma2r.fr\/wp-content\/uploads\/2023\/10\/cropped-logo-SIGMA2R-fond-transparent-1.png","width":10382,"height":2628,"caption":"Sigma2R"},"image":{"@id":"https:\/\/www.sigma2r.fr\/#\/schema\/logo\/image\/"}}]}},"_links":{"self":[{"href":"https:\/\/www.sigma2r.fr\/index.php\/wp-json\/wp\/v2\/pages\/331","targetHints":{"allow":["GET"]}}],"collection":[{"href":"https:\/\/www.sigma2r.fr\/index.php\/wp-json\/wp\/v2\/pages"}],"about":[{"href":"https:\/\/www.sigma2r.fr\/index.php\/wp-json\/wp\/v2\/types\/page"}],"author":[{"embeddable":true,"href":"https:\/\/www.sigma2r.fr\/index.php\/wp-json\/wp\/v2\/users\/2"}],"replies":[{"embeddable":true,"href":"https:\/\/www.sigma2r.fr\/index.php\/wp-json\/wp\/v2\/comments?post=331"}],"version-history":[{"count":79,"href":"https:\/\/www.sigma2r.fr\/index.php\/wp-json\/wp\/v2\/pages\/331\/revisions"}],"predecessor-version":[{"id":1678,"href":"https:\/\/www.sigma2r.fr\/index.php\/wp-json\/wp\/v2\/pages\/331\/revisions\/1678"}],"wp:attachment":[{"href":"https:\/\/www.sigma2r.fr\/index.php\/wp-json\/wp\/v2\/media?parent=331"}],"curies":[{"name":"wp","href":"https:\/\/api.w.org\/{rel}","templated":true}]}}